{"id":67,"date":"2013-03-29T17:46:28","date_gmt":"2013-03-29T16:46:28","guid":{"rendered":"http:\/\/nodesystems.hu\/nodeconto\/?page_id=67"},"modified":"2021-06-13T19:32:37","modified_gmt":"2021-06-13T17:32:37","slug":"referenciak","status":"publish","type":"page","link":"https:\/\/nodesystems.hu\/nodeconto\/referenciak\/","title":{"rendered":"Referenci\u00e1k"},"content":{"rendered":"<p>A NodeConto+<a href=\"http:\/\/nodesystems.hu\/nodeconto\/wp-content\/uploads\/2013\/03\/refterkep-mo.jpg\"><img loading=\"lazy\" decoding=\"async\" class=\"wp-image-72 alignleft\" alt=\"refterkep-mo\" src=\"http:\/\/nodesystems.hu\/nodeconto\/wp-content\/uploads\/2013\/03\/refterkep-mo-300x276.jpg\" width=\"240\" height=\"221\" srcset=\"https:\/\/nodesystems.hu\/nodeconto\/wp-content\/uploads\/2013\/03\/refterkep-mo-300x276.jpg 300w, https:\/\/nodesystems.hu\/nodeconto\/wp-content\/uploads\/2013\/03\/refterkep-mo.jpg 340w\" sizes=\"auto, (max-width: 240px) 100vw, 240px\" \/><\/a> program az eg\u00e9sz orsz\u00e1g ter\u00fclet\u00e9n t\u00f6bb sz\u00e1z helyen van telep\u00edtve.<\/p>\n<p>A rugalmas \u00e1rk\u00e9pz\u00e9si politik\u00e1nknak k\u00f6sz\u00f6nhet\u0151en \u00fcgyfeleink k\u00f6z\u00e9 tartoznak:<\/p>\n<ul>\n<li>eg\u00e9szen kicsi c\u00e9gekt\u0151l (pl havi egy k\u00e9t v\u00e9nyt r\u00f6gz\u00edt\u0151 fogtechnikust\u00f3l) kezd\u0151d\u0151en<\/li>\n<li>multinacion\u00e1lis v\u00e1llalatok is, aki az orsz\u00e1gos h\u00e1l\u00f3zatukban \u00f6sszegy\u0171lt bizonylatokat (v\u00e9nyeket) a NodeConto+ seg\u00edts\u00e9g\u00e9vel sz\u00e1molnak el<\/li>\n<li>gy\u00e1rt\u00e1st, szerv\u00edzel\u00e9st v\u00e9gz\u0151 c\u00e9gek<\/li>\n<li>t\u00f6bb telephellyel (bolttal) rendelkez\u0151 v\u00e1llalatok (ahol az adatok a k\u00f6zpontban \u00f6sszegy\u0171lnek egys\u00e9ges elsz\u00e1mol\u00e1s k\u00e9sz\u00edt\u00e9s\u00e9hez)<\/li>\n<\/ul>\n<p><a href=\"http:\/\/nodesystems.hu\/nodeconto\/cegunkrol\/\">Tov\u00e1bb olvasok&#8230;<\/a><\/p>\n","protected":false},"excerpt":{"rendered":"<p>A NodeConto+ program az eg\u00e9sz orsz\u00e1g ter\u00fclet\u00e9n t\u00f6bb sz\u00e1z helyen van telep\u00edtve. A rugalmas \u00e1rk\u00e9pz\u00e9si politik\u00e1nknak k\u00f6sz\u00f6nhet\u0151en \u00fcgyfeleink k\u00f6z\u00e9 tartoznak: eg\u00e9szen kicsi c\u00e9gekt\u0151l (pl havi egy k\u00e9t v\u00e9nyt r\u00f6gz\u00edt\u0151 fogtechnikust\u00f3l) kezd\u0151d\u0151en multinacion\u00e1lis v\u00e1llalatok is, aki az orsz\u00e1gos h\u00e1l\u00f3zatukban \u00f6sszegy\u0171lt bizonylatokat (v\u00e9nyeket) a NodeConto+ seg\u00edts\u00e9g\u00e9vel sz\u00e1molnak el gy\u00e1rt\u00e1st, szerv\u00edzel\u00e9st v\u00e9gz\u0151 c\u00e9gek t\u00f6bb telephellyel (bolttal) rendelkez\u0151 v\u00e1llalatok [&hellip;]<\/p>\n","protected":false},"author":1,"featured_media":72,"parent":0,"menu_order":0,"comment_status":"closed","ping_status":"closed","template":"","meta":{"ngg_post_thumbnail":0,"footnotes":""},"class_list":["post-67","page","type-page","status-publish","has-post-thumbnail","hentry"],"yoast_head":"<!-- This site is optimized with the Yoast SEO plugin v26.6 - https:\/\/yoast.com\/wordpress\/plugins\/seo\/ -->\n<title>Referenci\u00e1k - NodeConto+<\/title>\n<meta name=\"robots\" content=\"index, follow, max-snippet:-1, max-image-preview:large, max-video-preview:-1\" \/>\n<link rel=\"canonical\" href=\"https:\/\/nodesystems.hu\/nodeconto\/referenciak\/\" \/>\n<meta property=\"og:locale\" content=\"hu_HU\" \/>\n<meta property=\"og:type\" content=\"article\" \/>\n<meta property=\"og:title\" content=\"Referenci\u00e1k - NodeConto+\" \/>\n<meta property=\"og:description\" content=\"A NodeConto+ program az eg\u00e9sz orsz\u00e1g ter\u00fclet\u00e9n t\u00f6bb sz\u00e1z helyen van telep\u00edtve. A rugalmas \u00e1rk\u00e9pz\u00e9si politik\u00e1nknak k\u00f6sz\u00f6nhet\u0151en \u00fcgyfeleink k\u00f6z\u00e9 tartoznak: eg\u00e9szen kicsi c\u00e9gekt\u0151l (pl havi egy k\u00e9t v\u00e9nyt r\u00f6gz\u00edt\u0151 fogtechnikust\u00f3l) kezd\u0151d\u0151en multinacion\u00e1lis v\u00e1llalatok is, aki az orsz\u00e1gos h\u00e1l\u00f3zatukban \u00f6sszegy\u0171lt bizonylatokat (v\u00e9nyeket) a NodeConto+ seg\u00edts\u00e9g\u00e9vel sz\u00e1molnak el gy\u00e1rt\u00e1st, szerv\u00edzel\u00e9st v\u00e9gz\u0151 c\u00e9gek t\u00f6bb telephellyel (bolttal) rendelkez\u0151 v\u00e1llalatok [&hellip;]\" \/>\n<meta property=\"og:url\" content=\"https:\/\/nodesystems.hu\/nodeconto\/referenciak\/\" \/>\n<meta property=\"og:site_name\" content=\"NodeConto+\" \/>\n<meta property=\"article:modified_time\" content=\"2021-06-13T17:32:37+00:00\" \/>\n<meta property=\"og:image\" content=\"https:\/\/nodesystems.hu\/nodeconto\/wp-content\/uploads\/2013\/03\/refterkep-mo.jpg\" \/>\n\t<meta property=\"og:image:width\" content=\"340\" \/>\n\t<meta property=\"og:image:height\" content=\"313\" \/>\n\t<meta property=\"og:image:type\" content=\"image\/jpeg\" \/>\n<meta name=\"twitter:card\" content=\"summary_large_image\" \/>\n<meta name=\"twitter:label1\" content=\"Becs\u00fclt olvas\u00e1si id\u0151\" \/>\n\t<meta name=\"twitter:data1\" content=\"1 perc\" \/>\n<script type=\"application\/ld+json\" class=\"yoast-schema-graph\">{\"@context\":\"https:\/\/schema.org\",\"@graph\":[{\"@type\":\"WebPage\",\"@id\":\"https:\/\/nodesystems.hu\/nodeconto\/referenciak\/\",\"url\":\"https:\/\/nodesystems.hu\/nodeconto\/referenciak\/\",\"name\":\"Referenci\u00e1k - NodeConto+\",\"isPartOf\":{\"@id\":\"https:\/\/nodesystems.hu\/nodeconto\/#website\"},\"primaryImageOfPage\":{\"@id\":\"https:\/\/nodesystems.hu\/nodeconto\/referenciak\/#primaryimage\"},\"image\":{\"@id\":\"https:\/\/nodesystems.hu\/nodeconto\/referenciak\/#primaryimage\"},\"thumbnailUrl\":\"https:\/\/nodesystems.hu\/nodeconto\/wp-content\/uploads\/2013\/03\/refterkep-mo.jpg\",\"datePublished\":\"2013-03-29T16:46:28+00:00\",\"dateModified\":\"2021-06-13T17:32:37+00:00\",\"breadcrumb\":{\"@id\":\"https:\/\/nodesystems.hu\/nodeconto\/referenciak\/#breadcrumb\"},\"inLanguage\":\"hu\",\"potentialAction\":[{\"@type\":\"ReadAction\",\"target\":[\"https:\/\/nodesystems.hu\/nodeconto\/referenciak\/\"]}]},{\"@type\":\"ImageObject\",\"inLanguage\":\"hu\",\"@id\":\"https:\/\/nodesystems.hu\/nodeconto\/referenciak\/#primaryimage\",\"url\":\"https:\/\/nodesystems.hu\/nodeconto\/wp-content\/uploads\/2013\/03\/refterkep-mo.jpg\",\"contentUrl\":\"https:\/\/nodesystems.hu\/nodeconto\/wp-content\/uploads\/2013\/03\/refterkep-mo.jpg\",\"width\":340,\"height\":313},{\"@type\":\"BreadcrumbList\",\"@id\":\"https:\/\/nodesystems.hu\/nodeconto\/referenciak\/#breadcrumb\",\"itemListElement\":[{\"@type\":\"ListItem\",\"position\":1,\"name\":\"Kezd\u0151lap\",\"item\":\"https:\/\/nodesystems.hu\/nodeconto\/\"},{\"@type\":\"ListItem\",\"position\":2,\"name\":\"Referenci\u00e1k\"}]},{\"@type\":\"WebSite\",\"@id\":\"https:\/\/nodesystems.hu\/nodeconto\/#website\",\"url\":\"https:\/\/nodesystems.hu\/nodeconto\/\",\"name\":\"NodeConto+\",\"description\":\"GYSE - Gy\u00f3gy\u00e1szati Seg\u00e9deszk\u00f6z V\u00e9nyelsz\u00e1mol\u00e1s\",\"publisher\":{\"@id\":\"https:\/\/nodesystems.hu\/nodeconto\/#organization\"},\"potentialAction\":[{\"@type\":\"SearchAction\",\"target\":{\"@type\":\"EntryPoint\",\"urlTemplate\":\"https:\/\/nodesystems.hu\/nodeconto\/?s={search_term_string}\"},\"query-input\":{\"@type\":\"PropertyValueSpecification\",\"valueRequired\":true,\"valueName\":\"search_term_string\"}}],\"inLanguage\":\"hu\"},{\"@type\":\"Organization\",\"@id\":\"https:\/\/nodesystems.hu\/nodeconto\/#organization\",\"name\":\"Node Systems Kft\",\"url\":\"https:\/\/nodesystems.hu\/nodeconto\/\",\"logo\":{\"@type\":\"ImageObject\",\"inLanguage\":\"hu\",\"@id\":\"https:\/\/nodesystems.hu\/nodeconto\/#\/schema\/logo\/image\/\",\"url\":\"https:\/\/nodesystems.hu\/nodeconto\/wp-content\/uploads\/2013\/03\/cropped-nodeconto.png\",\"contentUrl\":\"https:\/\/nodesystems.hu\/nodeconto\/wp-content\/uploads\/2013\/03\/cropped-nodeconto.png\",\"width\":800,\"height\":366,\"caption\":\"Node Systems Kft\"},\"image\":{\"@id\":\"https:\/\/nodesystems.hu\/nodeconto\/#\/schema\/logo\/image\/\"}}]}<\/script>\n<!-- \/ Yoast SEO plugin. -->","yoast_head_json":{"title":"Referenci\u00e1k - NodeConto+","robots":{"index":"index","follow":"follow","max-snippet":"max-snippet:-1","max-image-preview":"max-image-preview:large","max-video-preview":"max-video-preview:-1"},"canonical":"https:\/\/nodesystems.hu\/nodeconto\/referenciak\/","og_locale":"hu_HU","og_type":"article","og_title":"Referenci\u00e1k - NodeConto+","og_description":"A NodeConto+ program az eg\u00e9sz orsz\u00e1g ter\u00fclet\u00e9n t\u00f6bb sz\u00e1z helyen van telep\u00edtve. A rugalmas \u00e1rk\u00e9pz\u00e9si politik\u00e1nknak k\u00f6sz\u00f6nhet\u0151en \u00fcgyfeleink k\u00f6z\u00e9 tartoznak: eg\u00e9szen kicsi c\u00e9gekt\u0151l (pl havi egy k\u00e9t v\u00e9nyt r\u00f6gz\u00edt\u0151 fogtechnikust\u00f3l) kezd\u0151d\u0151en multinacion\u00e1lis v\u00e1llalatok is, aki az orsz\u00e1gos h\u00e1l\u00f3zatukban \u00f6sszegy\u0171lt bizonylatokat (v\u00e9nyeket) a NodeConto+ seg\u00edts\u00e9g\u00e9vel sz\u00e1molnak el gy\u00e1rt\u00e1st, szerv\u00edzel\u00e9st v\u00e9gz\u0151 c\u00e9gek t\u00f6bb telephellyel (bolttal) rendelkez\u0151 v\u00e1llalatok [&hellip;]","og_url":"https:\/\/nodesystems.hu\/nodeconto\/referenciak\/","og_site_name":"NodeConto+","article_modified_time":"2021-06-13T17:32:37+00:00","og_image":[{"width":340,"height":313,"url":"https:\/\/nodesystems.hu\/nodeconto\/wp-content\/uploads\/2013\/03\/refterkep-mo.jpg","type":"image\/jpeg"}],"twitter_card":"summary_large_image","twitter_misc":{"Becs\u00fclt olvas\u00e1si id\u0151":"1 perc"},"schema":{"@context":"https:\/\/schema.org","@graph":[{"@type":"WebPage","@id":"https:\/\/nodesystems.hu\/nodeconto\/referenciak\/","url":"https:\/\/nodesystems.hu\/nodeconto\/referenciak\/","name":"Referenci\u00e1k - NodeConto+","isPartOf":{"@id":"https:\/\/nodesystems.hu\/nodeconto\/#website"},"primaryImageOfPage":{"@id":"https:\/\/nodesystems.hu\/nodeconto\/referenciak\/#primaryimage"},"image":{"@id":"https:\/\/nodesystems.hu\/nodeconto\/referenciak\/#primaryimage"},"thumbnailUrl":"https:\/\/nodesystems.hu\/nodeconto\/wp-content\/uploads\/2013\/03\/refterkep-mo.jpg","datePublished":"2013-03-29T16:46:28+00:00","dateModified":"2021-06-13T17:32:37+00:00","breadcrumb":{"@id":"https:\/\/nodesystems.hu\/nodeconto\/referenciak\/#breadcrumb"},"inLanguage":"hu","potentialAction":[{"@type":"ReadAction","target":["https:\/\/nodesystems.hu\/nodeconto\/referenciak\/"]}]},{"@type":"ImageObject","inLanguage":"hu","@id":"https:\/\/nodesystems.hu\/nodeconto\/referenciak\/#primaryimage","url":"https:\/\/nodesystems.hu\/nodeconto\/wp-content\/uploads\/2013\/03\/refterkep-mo.jpg","contentUrl":"https:\/\/nodesystems.hu\/nodeconto\/wp-content\/uploads\/2013\/03\/refterkep-mo.jpg","width":340,"height":313},{"@type":"BreadcrumbList","@id":"https:\/\/nodesystems.hu\/nodeconto\/referenciak\/#breadcrumb","itemListElement":[{"@type":"ListItem","position":1,"name":"Kezd\u0151lap","item":"https:\/\/nodesystems.hu\/nodeconto\/"},{"@type":"ListItem","position":2,"name":"Referenci\u00e1k"}]},{"@type":"WebSite","@id":"https:\/\/nodesystems.hu\/nodeconto\/#website","url":"https:\/\/nodesystems.hu\/nodeconto\/","name":"NodeConto+","description":"GYSE - Gy\u00f3gy\u00e1szati Seg\u00e9deszk\u00f6z V\u00e9nyelsz\u00e1mol\u00e1s","publisher":{"@id":"https:\/\/nodesystems.hu\/nodeconto\/#organization"},"potentialAction":[{"@type":"SearchAction","target":{"@type":"EntryPoint","urlTemplate":"https:\/\/nodesystems.hu\/nodeconto\/?s={search_term_string}"},"query-input":{"@type":"PropertyValueSpecification","valueRequired":true,"valueName":"search_term_string"}}],"inLanguage":"hu"},{"@type":"Organization","@id":"https:\/\/nodesystems.hu\/nodeconto\/#organization","name":"Node Systems Kft","url":"https:\/\/nodesystems.hu\/nodeconto\/","logo":{"@type":"ImageObject","inLanguage":"hu","@id":"https:\/\/nodesystems.hu\/nodeconto\/#\/schema\/logo\/image\/","url":"https:\/\/nodesystems.hu\/nodeconto\/wp-content\/uploads\/2013\/03\/cropped-nodeconto.png","contentUrl":"https:\/\/nodesystems.hu\/nodeconto\/wp-content\/uploads\/2013\/03\/cropped-nodeconto.png","width":800,"height":366,"caption":"Node Systems Kft"},"image":{"@id":"https:\/\/nodesystems.hu\/nodeconto\/#\/schema\/logo\/image\/"}}]}},"_links":{"self":[{"href":"https:\/\/nodesystems.hu\/nodeconto\/wp-json\/wp\/v2\/pages\/67","targetHints":{"allow":["GET"]}}],"collection":[{"href":"https:\/\/nodesystems.hu\/nodeconto\/wp-json\/wp\/v2\/pages"}],"about":[{"href":"https:\/\/nodesystems.hu\/nodeconto\/wp-json\/wp\/v2\/types\/page"}],"author":[{"embeddable":true,"href":"https:\/\/nodesystems.hu\/nodeconto\/wp-json\/wp\/v2\/users\/1"}],"replies":[{"embeddable":true,"href":"https:\/\/nodesystems.hu\/nodeconto\/wp-json\/wp\/v2\/comments?post=67"}],"version-history":[{"count":3,"href":"https:\/\/nodesystems.hu\/nodeconto\/wp-json\/wp\/v2\/pages\/67\/revisions"}],"predecessor-version":[{"id":270,"href":"https:\/\/nodesystems.hu\/nodeconto\/wp-json\/wp\/v2\/pages\/67\/revisions\/270"}],"wp:featuredmedia":[{"embeddable":true,"href":"https:\/\/nodesystems.hu\/nodeconto\/wp-json\/wp\/v2\/media\/72"}],"wp:attachment":[{"href":"https:\/\/nodesystems.hu\/nodeconto\/wp-json\/wp\/v2\/media?parent=67"}],"curies":[{"name":"wp","href":"https:\/\/api.w.org\/{rel}","templated":true}]}}