{"id":433,"date":"2023-03-22T07:59:23","date_gmt":"2023-03-22T06:59:23","guid":{"rendered":"https:\/\/nodesystems.hu\/nodeconto\/?page_id=433"},"modified":"2023-03-22T08:30:38","modified_gmt":"2023-03-22T07:30:38","slug":"blog","status":"publish","type":"page","link":"https:\/\/nodesystems.hu\/nodeconto\/blog\/","title":{"rendered":"Blog"},"content":{"rendered":"<ul class=\"wp-block-latest-posts__list wp-block-latest-posts\"><li><a class=\"wp-block-latest-posts__post-title\" href=\"https:\/\/nodesystems.hu\/nodeconto\/banki-kapcsolat-utalasok-lekerdezese\/\">Banki kapcsolat \/ utal\u00e1sok lek\u00e9rdez\u00e9se<\/a><\/li>\n<li><a class=\"wp-block-latest-posts__post-title\" href=\"https:\/\/nodesystems.hu\/nodeconto\/nav-online-bejovo-szamla-lekerdezes\/\">NAV Online (bej\u00f6v\u0151) sz\u00e1mla lek\u00e9rdez\u00e9s<\/a><\/li>\n<li><a class=\"wp-block-latest-posts__post-title\" href=\"https:\/\/nodesystems.hu\/nodeconto\/egyse-erecept-bemutato\/\">eGyse\/eRecept bemutat\u00f3<\/a><\/li>\n<li><a class=\"wp-block-latest-posts__post-title\" href=\"https:\/\/nodesystems.hu\/nodeconto\/egyse-erecept-tajekoztato\/\">eGyse\/eRecept t\u00e1j\u00e9koztat\u00f3 (be\u00e1ll\u00edt\u00e1sa)<\/a><\/li>\n<li><a class=\"wp-block-latest-posts__post-title\" href=\"https:\/\/nodesystems.hu\/nodeconto\/nodeconto-cloud-felho\/\">NodeConto+ cloud (felh\u0151)<\/a><\/li>\n<li><a class=\"wp-block-latest-posts__post-title\" href=\"https:\/\/nodesystems.hu\/nodeconto\/aktualis-verzio-ellenorzese\/\">Aktu\u00e1lis verzi\u00f3 ellen\u0151rz\u00e9se<\/a><\/li>\n<li><a class=\"wp-block-latest-posts__post-title\" href=\"https:\/\/nodesystems.hu\/nodeconto\/nodeconto-ertekesitese\/\">NodeConto+ \u00e9rt\u00e9kes\u00edt\u00e9se<\/a><\/li>\n<\/ul>\n\n\n<p><\/p>\n","protected":false},"excerpt":{"rendered":"","protected":false},"author":1,"featured_media":0,"parent":0,"menu_order":4,"comment_status":"closed","ping_status":"closed","template":"","meta":{"ngg_post_thumbnail":0,"footnotes":""},"class_list":["post-433","page","type-page","status-publish","hentry"],"yoast_head":"<!-- This site is optimized with the Yoast SEO plugin v26.6 - https:\/\/yoast.com\/wordpress\/plugins\/seo\/ -->\n<title>Blog - NodeConto+<\/title>\n<meta name=\"robots\" content=\"index, follow, max-snippet:-1, max-image-preview:large, max-video-preview:-1\" \/>\n<link rel=\"canonical\" href=\"https:\/\/nodesystems.hu\/nodeconto\/blog\/\" \/>\n<meta property=\"og:locale\" content=\"hu_HU\" \/>\n<meta property=\"og:type\" content=\"article\" \/>\n<meta property=\"og:title\" content=\"Blog - NodeConto+\" \/>\n<meta property=\"og:url\" content=\"https:\/\/nodesystems.hu\/nodeconto\/blog\/\" \/>\n<meta property=\"og:site_name\" content=\"NodeConto+\" \/>\n<meta property=\"article:modified_time\" content=\"2023-03-22T07:30:38+00:00\" \/>\n<meta name=\"twitter:card\" content=\"summary_large_image\" \/>\n<script type=\"application\/ld+json\" class=\"yoast-schema-graph\">{\"@context\":\"https:\/\/schema.org\",\"@graph\":[{\"@type\":\"WebPage\",\"@id\":\"https:\/\/nodesystems.hu\/nodeconto\/blog\/\",\"url\":\"https:\/\/nodesystems.hu\/nodeconto\/blog\/\",\"name\":\"Blog - NodeConto+\",\"isPartOf\":{\"@id\":\"https:\/\/nodesystems.hu\/nodeconto\/#website\"},\"datePublished\":\"2023-03-22T06:59:23+00:00\",\"dateModified\":\"2023-03-22T07:30:38+00:00\",\"breadcrumb\":{\"@id\":\"https:\/\/nodesystems.hu\/nodeconto\/blog\/#breadcrumb\"},\"inLanguage\":\"hu\",\"potentialAction\":[{\"@type\":\"ReadAction\",\"target\":[\"https:\/\/nodesystems.hu\/nodeconto\/blog\/\"]}]},{\"@type\":\"BreadcrumbList\",\"@id\":\"https:\/\/nodesystems.hu\/nodeconto\/blog\/#breadcrumb\",\"itemListElement\":[{\"@type\":\"ListItem\",\"position\":1,\"name\":\"Kezd\u0151lap\",\"item\":\"https:\/\/nodesystems.hu\/nodeconto\/\"},{\"@type\":\"ListItem\",\"position\":2,\"name\":\"Blog\"}]},{\"@type\":\"WebSite\",\"@id\":\"https:\/\/nodesystems.hu\/nodeconto\/#website\",\"url\":\"https:\/\/nodesystems.hu\/nodeconto\/\",\"name\":\"NodeConto+\",\"description\":\"GYSE - Gy\u00f3gy\u00e1szati Seg\u00e9deszk\u00f6z V\u00e9nyelsz\u00e1mol\u00e1s\",\"publisher\":{\"@id\":\"https:\/\/nodesystems.hu\/nodeconto\/#organization\"},\"potentialAction\":[{\"@type\":\"SearchAction\",\"target\":{\"@type\":\"EntryPoint\",\"urlTemplate\":\"https:\/\/nodesystems.hu\/nodeconto\/?s={search_term_string}\"},\"query-input\":{\"@type\":\"PropertyValueSpecification\",\"valueRequired\":true,\"valueName\":\"search_term_string\"}}],\"inLanguage\":\"hu\"},{\"@type\":\"Organization\",\"@id\":\"https:\/\/nodesystems.hu\/nodeconto\/#organization\",\"name\":\"Node Systems Kft\",\"url\":\"https:\/\/nodesystems.hu\/nodeconto\/\",\"logo\":{\"@type\":\"ImageObject\",\"inLanguage\":\"hu\",\"@id\":\"https:\/\/nodesystems.hu\/nodeconto\/#\/schema\/logo\/image\/\",\"url\":\"https:\/\/nodesystems.hu\/nodeconto\/wp-content\/uploads\/2013\/03\/cropped-nodeconto.png\",\"contentUrl\":\"https:\/\/nodesystems.hu\/nodeconto\/wp-content\/uploads\/2013\/03\/cropped-nodeconto.png\",\"width\":800,\"height\":366,\"caption\":\"Node Systems Kft\"},\"image\":{\"@id\":\"https:\/\/nodesystems.hu\/nodeconto\/#\/schema\/logo\/image\/\"}}]}<\/script>\n<!-- \/ Yoast SEO plugin. -->","yoast_head_json":{"title":"Blog - NodeConto+","robots":{"index":"index","follow":"follow","max-snippet":"max-snippet:-1","max-image-preview":"max-image-preview:large","max-video-preview":"max-video-preview:-1"},"canonical":"https:\/\/nodesystems.hu\/nodeconto\/blog\/","og_locale":"hu_HU","og_type":"article","og_title":"Blog - NodeConto+","og_url":"https:\/\/nodesystems.hu\/nodeconto\/blog\/","og_site_name":"NodeConto+","article_modified_time":"2023-03-22T07:30:38+00:00","twitter_card":"summary_large_image","schema":{"@context":"https:\/\/schema.org","@graph":[{"@type":"WebPage","@id":"https:\/\/nodesystems.hu\/nodeconto\/blog\/","url":"https:\/\/nodesystems.hu\/nodeconto\/blog\/","name":"Blog - NodeConto+","isPartOf":{"@id":"https:\/\/nodesystems.hu\/nodeconto\/#website"},"datePublished":"2023-03-22T06:59:23+00:00","dateModified":"2023-03-22T07:30:38+00:00","breadcrumb":{"@id":"https:\/\/nodesystems.hu\/nodeconto\/blog\/#breadcrumb"},"inLanguage":"hu","potentialAction":[{"@type":"ReadAction","target":["https:\/\/nodesystems.hu\/nodeconto\/blog\/"]}]},{"@type":"BreadcrumbList","@id":"https:\/\/nodesystems.hu\/nodeconto\/blog\/#breadcrumb","itemListElement":[{"@type":"ListItem","position":1,"name":"Kezd\u0151lap","item":"https:\/\/nodesystems.hu\/nodeconto\/"},{"@type":"ListItem","position":2,"name":"Blog"}]},{"@type":"WebSite","@id":"https:\/\/nodesystems.hu\/nodeconto\/#website","url":"https:\/\/nodesystems.hu\/nodeconto\/","name":"NodeConto+","description":"GYSE - Gy\u00f3gy\u00e1szati Seg\u00e9deszk\u00f6z V\u00e9nyelsz\u00e1mol\u00e1s","publisher":{"@id":"https:\/\/nodesystems.hu\/nodeconto\/#organization"},"potentialAction":[{"@type":"SearchAction","target":{"@type":"EntryPoint","urlTemplate":"https:\/\/nodesystems.hu\/nodeconto\/?s={search_term_string}"},"query-input":{"@type":"PropertyValueSpecification","valueRequired":true,"valueName":"search_term_string"}}],"inLanguage":"hu"},{"@type":"Organization","@id":"https:\/\/nodesystems.hu\/nodeconto\/#organization","name":"Node Systems Kft","url":"https:\/\/nodesystems.hu\/nodeconto\/","logo":{"@type":"ImageObject","inLanguage":"hu","@id":"https:\/\/nodesystems.hu\/nodeconto\/#\/schema\/logo\/image\/","url":"https:\/\/nodesystems.hu\/nodeconto\/wp-content\/uploads\/2013\/03\/cropped-nodeconto.png","contentUrl":"https:\/\/nodesystems.hu\/nodeconto\/wp-content\/uploads\/2013\/03\/cropped-nodeconto.png","width":800,"height":366,"caption":"Node Systems Kft"},"image":{"@id":"https:\/\/nodesystems.hu\/nodeconto\/#\/schema\/logo\/image\/"}}]}},"_links":{"self":[{"href":"https:\/\/nodesystems.hu\/nodeconto\/wp-json\/wp\/v2\/pages\/433","targetHints":{"allow":["GET"]}}],"collection":[{"href":"https:\/\/nodesystems.hu\/nodeconto\/wp-json\/wp\/v2\/pages"}],"about":[{"href":"https:\/\/nodesystems.hu\/nodeconto\/wp-json\/wp\/v2\/types\/page"}],"author":[{"embeddable":true,"href":"https:\/\/nodesystems.hu\/nodeconto\/wp-json\/wp\/v2\/users\/1"}],"replies":[{"embeddable":true,"href":"https:\/\/nodesystems.hu\/nodeconto\/wp-json\/wp\/v2\/comments?post=433"}],"version-history":[{"count":3,"href":"https:\/\/nodesystems.hu\/nodeconto\/wp-json\/wp\/v2\/pages\/433\/revisions"}],"predecessor-version":[{"id":443,"href":"https:\/\/nodesystems.hu\/nodeconto\/wp-json\/wp\/v2\/pages\/433\/revisions\/443"}],"wp:attachment":[{"href":"https:\/\/nodesystems.hu\/nodeconto\/wp-json\/wp\/v2\/media?parent=433"}],"curies":[{"name":"wp","href":"https:\/\/api.w.org\/{rel}","templated":true}]}}