{"id":34,"date":"2013-03-29T16:47:53","date_gmt":"2013-03-29T15:47:53","guid":{"rendered":"http:\/\/nodesystems.hu\/nodeconto\/?page_id=34"},"modified":"2021-06-13T19:33:35","modified_gmt":"2021-06-13T17:33:35","slug":"cegunkrol","status":"publish","type":"page","link":"https:\/\/nodesystems.hu\/nodeconto\/cegunkrol\/","title":{"rendered":"C\u00e9g\u00fcnk&#8230;"},"content":{"rendered":"<div id=\"id3\">\n<div>\n<div>\n<h1><a href=\"http:\/\/nodesystems.hu\/nodeconto\/wp-content\/uploads\/2013\/03\/sikeres.png\"><img loading=\"lazy\" decoding=\"async\" class=\"size-full wp-image-37 alignright\" src=\"http:\/\/nodesystems.hu\/nodeconto\/wp-content\/uploads\/2013\/03\/sikeres.png\" alt=\"sikeres\" width=\"245\" height=\"114\"><\/a>Node Systems Kft.<\/h1>\n<p>Az 1997-ben alakult t\u00e1rsas\u00e1g teljes k\u00f6r\u0171 informatikai megold\u00e1st k\u00edn\u00e1l, szoftverfejleszt\u00e9ssel, ig\u00e9ny szerint hardver t\u00e1mogat\u00e1ssal \u00e9s rendszerintegr\u00e1ci\u00f3val.<\/p>\n<p>A Node Systems Kft a NodeConto+ program integr\u00e1lt v\u00e1llalt ir\u00e1ny\u00edt\u00e1si rendszer\u00e9vel els\u0151sorban:<\/p>\n<ul>\n<li>GYSE (gy\u00f3gy\u00e1szati seg\u00e9deszk\u00f6z\u00f6k) elsz\u00e1mol\u00e1s\u00e1ban<\/li>\n<li>bolti p\u00e9nzt\u00e1rg\u00e9pes \u00e9rt\u00e9kes\u00edt\u00e9sek ter\u00fclet\u00e9n k\u00edn\u00e1l \u00e1tfog\u00f3 megold\u00e1st.<\/li>\n<\/ul>\n<p>C\u00e9g\u00fcnk csak magasan k\u00e9pzett, megfelel\u0151 min\u0151s\u00edt\u00e9sekkel, rendelkez\u0151 szakembert foglalkoztat, a sz\u00e1m\u00edt\u00e1stechnikai ismeretek mellett nagy hangs\u00falyt fektetve az \u00fczleti folyamatok, \u00e9s az ipar\u00e1gi jellemz\u0151k m\u00e9lyrehat\u00f3 ismeret\u00e9re.<\/p>\n<p>Az integr\u00e1lt v\u00e1llalatir\u00e1ny\u00edt\u00e1si rendszerek ter\u00fclet\u00e9n komoly lehet\u0151s\u00e9gek ny\u00edlnak. Aki hossz\u00fa t\u00e1von szeretne fejl\u0151dni, annak alkalmazkodnia kell. Min\u00e9l gyorsabb ez az alkalmazkod\u00e1s, ann\u00e1l el\u0151bb lehet bel\u0151le profit\u00e1lni. \u00c9s ford\u00edtva is igaz, ha a versenyt\u00e1rsak m\u00e1r alkalmazkodtak \u00e9s \u00e9rv\u00e9nyes\u00edtik az ebb\u0151l fakad\u00f3 el\u0151ny\u00f6ket, aki nem tud ezzel l\u00e9p\u00e9st tartani, el\u0151bb vagy ut\u00f3bb leszakad az \u00e9lmez\u0151nyt\u0151l, az ezzel j\u00e1r\u00f3 minden k\u00f6vetkezm\u00e9nnyel egy\u00fctt.<\/p>\n<p>Mit jelent ma a globaliz\u00e1l\u00f3d\u00f3 vil\u00e1ggazdas\u00e1g kih\u00edv\u00e1sa a legt\u00f6bb magyar c\u00e9g sz\u00e1m\u00e1ra?<\/p>\n<ul>\n<li>vev\u0151i ig\u00e9nyek gyors \u00e9s pontos kiel\u00e9g\u00edt\u00e9s\u00e9t<\/li>\n<li>\u00e1lland\u00f3 garant\u00e1lt min\u0151s\u00e9get<\/li>\n<li>besz\u00e1ll\u00edt\u00f3kkal val\u00f3 tervszer\u0171 kapcsolattart\u00e1st<\/li>\n<li>pontos \u00e9s gyors \u00e1rkalkul\u00e1ci\u00f3t<\/li>\n<li>a termel\u0151 \u00e9s logisztikai folyamatok \u00e1ttekinthet\u0151s\u00e9g\u00e9t<\/li>\n<\/ul>\n<p>Ezek csak a fontosabb szempontok, de a felsorol\u00e1st term\u00e9szetesen folytatni lehetne m\u00e9g el\u00e9g hosszan. De ezekb\u0151l is vil\u00e1goss\u00e1 v\u00e1lik, hogy igaz\u00e1b\u00f3l k\u00e9t, dologr\u00f3l van sz\u00f3 : inform\u00e1ci\u00f3r\u00f3l \u00e9s szervezetts\u00e9gr\u0151l. \u00c9s ez az a pont, ahol a Node Systems Kft. bekapcsol\u00f3dhat az \u00d6n v\u00e1llalat\u00e1nak \u00e9let\u00e9be.<\/p>\n<\/div>\n<\/div>\n<\/div>\n<p><a href=\"http:\/\/nodesystems.hu\/nodeconto\/\">Ugr\u00e1s a kezd\u0151lapra&#8230;<\/a><\/p>\n","protected":false},"excerpt":{"rendered":"<p>Node Systems Kft. Az 1997-ben alakult t\u00e1rsas\u00e1g teljes k\u00f6r\u0171 informatikai megold\u00e1st k\u00edn\u00e1l, szoftverfejleszt\u00e9ssel, ig\u00e9ny szerint hardver t\u00e1mogat\u00e1ssal \u00e9s rendszerintegr\u00e1ci\u00f3val. A Node Systems Kft a NodeConto+ program integr\u00e1lt v\u00e1llalt ir\u00e1ny\u00edt\u00e1si rendszer\u00e9vel els\u0151sorban: GYSE (gy\u00f3gy\u00e1szati seg\u00e9deszk\u00f6z\u00f6k) elsz\u00e1mol\u00e1s\u00e1ban bolti p\u00e9nzt\u00e1rg\u00e9pes \u00e9rt\u00e9kes\u00edt\u00e9sek ter\u00fclet\u00e9n k\u00edn\u00e1l \u00e1tfog\u00f3 megold\u00e1st. C\u00e9g\u00fcnk csak magasan k\u00e9pzett, megfelel\u0151 min\u0151s\u00edt\u00e9sekkel, rendelkez\u0151 szakembert foglalkoztat, a sz\u00e1m\u00edt\u00e1stechnikai ismeretek mellett [&hellip;]<\/p>\n","protected":false},"author":1,"featured_media":37,"parent":0,"menu_order":0,"comment_status":"closed","ping_status":"closed","template":"","meta":{"ngg_post_thumbnail":0,"footnotes":""},"class_list":["post-34","page","type-page","status-publish","has-post-thumbnail","hentry"],"yoast_head":"<!-- This site is optimized with the Yoast SEO plugin v26.6 - https:\/\/yoast.com\/wordpress\/plugins\/seo\/ -->\n<title>C\u00e9g\u00fcnk... - NodeConto+<\/title>\n<meta name=\"robots\" content=\"index, follow, max-snippet:-1, max-image-preview:large, max-video-preview:-1\" \/>\n<link rel=\"canonical\" href=\"https:\/\/nodesystems.hu\/nodeconto\/cegunkrol\/\" \/>\n<meta property=\"og:locale\" content=\"hu_HU\" \/>\n<meta property=\"og:type\" content=\"article\" \/>\n<meta property=\"og:title\" content=\"C\u00e9g\u00fcnk... - NodeConto+\" \/>\n<meta property=\"og:description\" content=\"Node Systems Kft. Az 1997-ben alakult t\u00e1rsas\u00e1g teljes k\u00f6r\u0171 informatikai megold\u00e1st k\u00edn\u00e1l, szoftverfejleszt\u00e9ssel, ig\u00e9ny szerint hardver t\u00e1mogat\u00e1ssal \u00e9s rendszerintegr\u00e1ci\u00f3val. A Node Systems Kft a NodeConto+ program integr\u00e1lt v\u00e1llalt ir\u00e1ny\u00edt\u00e1si rendszer\u00e9vel els\u0151sorban: GYSE (gy\u00f3gy\u00e1szati seg\u00e9deszk\u00f6z\u00f6k) elsz\u00e1mol\u00e1s\u00e1ban bolti p\u00e9nzt\u00e1rg\u00e9pes \u00e9rt\u00e9kes\u00edt\u00e9sek ter\u00fclet\u00e9n k\u00edn\u00e1l \u00e1tfog\u00f3 megold\u00e1st. C\u00e9g\u00fcnk csak magasan k\u00e9pzett, megfelel\u0151 min\u0151s\u00edt\u00e9sekkel, rendelkez\u0151 szakembert foglalkoztat, a sz\u00e1m\u00edt\u00e1stechnikai ismeretek mellett [&hellip;]\" \/>\n<meta property=\"og:url\" content=\"https:\/\/nodesystems.hu\/nodeconto\/cegunkrol\/\" \/>\n<meta property=\"og:site_name\" content=\"NodeConto+\" \/>\n<meta property=\"article:modified_time\" content=\"2021-06-13T17:33:35+00:00\" \/>\n<meta property=\"og:image\" content=\"https:\/\/nodesystems.hu\/nodeconto\/wp-content\/uploads\/2013\/03\/sikeres.png\" \/>\n\t<meta property=\"og:image:width\" content=\"245\" \/>\n\t<meta property=\"og:image:height\" content=\"114\" \/>\n\t<meta property=\"og:image:type\" content=\"image\/png\" \/>\n<meta name=\"twitter:card\" content=\"summary_large_image\" \/>\n<meta name=\"twitter:label1\" content=\"Becs\u00fclt olvas\u00e1si id\u0151\" \/>\n\t<meta name=\"twitter:data1\" content=\"2 perc\" \/>\n<script type=\"application\/ld+json\" class=\"yoast-schema-graph\">{\"@context\":\"https:\/\/schema.org\",\"@graph\":[{\"@type\":\"WebPage\",\"@id\":\"https:\/\/nodesystems.hu\/nodeconto\/cegunkrol\/\",\"url\":\"https:\/\/nodesystems.hu\/nodeconto\/cegunkrol\/\",\"name\":\"C\u00e9g\u00fcnk... - NodeConto+\",\"isPartOf\":{\"@id\":\"https:\/\/nodesystems.hu\/nodeconto\/#website\"},\"primaryImageOfPage\":{\"@id\":\"https:\/\/nodesystems.hu\/nodeconto\/cegunkrol\/#primaryimage\"},\"image\":{\"@id\":\"https:\/\/nodesystems.hu\/nodeconto\/cegunkrol\/#primaryimage\"},\"thumbnailUrl\":\"https:\/\/nodesystems.hu\/nodeconto\/wp-content\/uploads\/2013\/03\/sikeres.png\",\"datePublished\":\"2013-03-29T15:47:53+00:00\",\"dateModified\":\"2021-06-13T17:33:35+00:00\",\"breadcrumb\":{\"@id\":\"https:\/\/nodesystems.hu\/nodeconto\/cegunkrol\/#breadcrumb\"},\"inLanguage\":\"hu\",\"potentialAction\":[{\"@type\":\"ReadAction\",\"target\":[\"https:\/\/nodesystems.hu\/nodeconto\/cegunkrol\/\"]}]},{\"@type\":\"ImageObject\",\"inLanguage\":\"hu\",\"@id\":\"https:\/\/nodesystems.hu\/nodeconto\/cegunkrol\/#primaryimage\",\"url\":\"https:\/\/nodesystems.hu\/nodeconto\/wp-content\/uploads\/2013\/03\/sikeres.png\",\"contentUrl\":\"https:\/\/nodesystems.hu\/nodeconto\/wp-content\/uploads\/2013\/03\/sikeres.png\",\"width\":245,\"height\":114},{\"@type\":\"BreadcrumbList\",\"@id\":\"https:\/\/nodesystems.hu\/nodeconto\/cegunkrol\/#breadcrumb\",\"itemListElement\":[{\"@type\":\"ListItem\",\"position\":1,\"name\":\"Kezd\u0151lap\",\"item\":\"https:\/\/nodesystems.hu\/nodeconto\/\"},{\"@type\":\"ListItem\",\"position\":2,\"name\":\"C\u00e9g\u00fcnk&#8230;\"}]},{\"@type\":\"WebSite\",\"@id\":\"https:\/\/nodesystems.hu\/nodeconto\/#website\",\"url\":\"https:\/\/nodesystems.hu\/nodeconto\/\",\"name\":\"NodeConto+\",\"description\":\"GYSE - Gy\u00f3gy\u00e1szati Seg\u00e9deszk\u00f6z V\u00e9nyelsz\u00e1mol\u00e1s\",\"publisher\":{\"@id\":\"https:\/\/nodesystems.hu\/nodeconto\/#organization\"},\"potentialAction\":[{\"@type\":\"SearchAction\",\"target\":{\"@type\":\"EntryPoint\",\"urlTemplate\":\"https:\/\/nodesystems.hu\/nodeconto\/?s={search_term_string}\"},\"query-input\":{\"@type\":\"PropertyValueSpecification\",\"valueRequired\":true,\"valueName\":\"search_term_string\"}}],\"inLanguage\":\"hu\"},{\"@type\":\"Organization\",\"@id\":\"https:\/\/nodesystems.hu\/nodeconto\/#organization\",\"name\":\"Node Systems Kft\",\"url\":\"https:\/\/nodesystems.hu\/nodeconto\/\",\"logo\":{\"@type\":\"ImageObject\",\"inLanguage\":\"hu\",\"@id\":\"https:\/\/nodesystems.hu\/nodeconto\/#\/schema\/logo\/image\/\",\"url\":\"https:\/\/nodesystems.hu\/nodeconto\/wp-content\/uploads\/2013\/03\/cropped-nodeconto.png\",\"contentUrl\":\"https:\/\/nodesystems.hu\/nodeconto\/wp-content\/uploads\/2013\/03\/cropped-nodeconto.png\",\"width\":800,\"height\":366,\"caption\":\"Node Systems Kft\"},\"image\":{\"@id\":\"https:\/\/nodesystems.hu\/nodeconto\/#\/schema\/logo\/image\/\"}}]}<\/script>\n<!-- \/ Yoast SEO plugin. -->","yoast_head_json":{"title":"C\u00e9g\u00fcnk... - NodeConto+","robots":{"index":"index","follow":"follow","max-snippet":"max-snippet:-1","max-image-preview":"max-image-preview:large","max-video-preview":"max-video-preview:-1"},"canonical":"https:\/\/nodesystems.hu\/nodeconto\/cegunkrol\/","og_locale":"hu_HU","og_type":"article","og_title":"C\u00e9g\u00fcnk... - NodeConto+","og_description":"Node Systems Kft. Az 1997-ben alakult t\u00e1rsas\u00e1g teljes k\u00f6r\u0171 informatikai megold\u00e1st k\u00edn\u00e1l, szoftverfejleszt\u00e9ssel, ig\u00e9ny szerint hardver t\u00e1mogat\u00e1ssal \u00e9s rendszerintegr\u00e1ci\u00f3val. A Node Systems Kft a NodeConto+ program integr\u00e1lt v\u00e1llalt ir\u00e1ny\u00edt\u00e1si rendszer\u00e9vel els\u0151sorban: GYSE (gy\u00f3gy\u00e1szati seg\u00e9deszk\u00f6z\u00f6k) elsz\u00e1mol\u00e1s\u00e1ban bolti p\u00e9nzt\u00e1rg\u00e9pes \u00e9rt\u00e9kes\u00edt\u00e9sek ter\u00fclet\u00e9n k\u00edn\u00e1l \u00e1tfog\u00f3 megold\u00e1st. C\u00e9g\u00fcnk csak magasan k\u00e9pzett, megfelel\u0151 min\u0151s\u00edt\u00e9sekkel, rendelkez\u0151 szakembert foglalkoztat, a sz\u00e1m\u00edt\u00e1stechnikai ismeretek mellett [&hellip;]","og_url":"https:\/\/nodesystems.hu\/nodeconto\/cegunkrol\/","og_site_name":"NodeConto+","article_modified_time":"2021-06-13T17:33:35+00:00","og_image":[{"width":245,"height":114,"url":"https:\/\/nodesystems.hu\/nodeconto\/wp-content\/uploads\/2013\/03\/sikeres.png","type":"image\/png"}],"twitter_card":"summary_large_image","twitter_misc":{"Becs\u00fclt olvas\u00e1si id\u0151":"2 perc"},"schema":{"@context":"https:\/\/schema.org","@graph":[{"@type":"WebPage","@id":"https:\/\/nodesystems.hu\/nodeconto\/cegunkrol\/","url":"https:\/\/nodesystems.hu\/nodeconto\/cegunkrol\/","name":"C\u00e9g\u00fcnk... - NodeConto+","isPartOf":{"@id":"https:\/\/nodesystems.hu\/nodeconto\/#website"},"primaryImageOfPage":{"@id":"https:\/\/nodesystems.hu\/nodeconto\/cegunkrol\/#primaryimage"},"image":{"@id":"https:\/\/nodesystems.hu\/nodeconto\/cegunkrol\/#primaryimage"},"thumbnailUrl":"https:\/\/nodesystems.hu\/nodeconto\/wp-content\/uploads\/2013\/03\/sikeres.png","datePublished":"2013-03-29T15:47:53+00:00","dateModified":"2021-06-13T17:33:35+00:00","breadcrumb":{"@id":"https:\/\/nodesystems.hu\/nodeconto\/cegunkrol\/#breadcrumb"},"inLanguage":"hu","potentialAction":[{"@type":"ReadAction","target":["https:\/\/nodesystems.hu\/nodeconto\/cegunkrol\/"]}]},{"@type":"ImageObject","inLanguage":"hu","@id":"https:\/\/nodesystems.hu\/nodeconto\/cegunkrol\/#primaryimage","url":"https:\/\/nodesystems.hu\/nodeconto\/wp-content\/uploads\/2013\/03\/sikeres.png","contentUrl":"https:\/\/nodesystems.hu\/nodeconto\/wp-content\/uploads\/2013\/03\/sikeres.png","width":245,"height":114},{"@type":"BreadcrumbList","@id":"https:\/\/nodesystems.hu\/nodeconto\/cegunkrol\/#breadcrumb","itemListElement":[{"@type":"ListItem","position":1,"name":"Kezd\u0151lap","item":"https:\/\/nodesystems.hu\/nodeconto\/"},{"@type":"ListItem","position":2,"name":"C\u00e9g\u00fcnk&#8230;"}]},{"@type":"WebSite","@id":"https:\/\/nodesystems.hu\/nodeconto\/#website","url":"https:\/\/nodesystems.hu\/nodeconto\/","name":"NodeConto+","description":"GYSE - Gy\u00f3gy\u00e1szati Seg\u00e9deszk\u00f6z V\u00e9nyelsz\u00e1mol\u00e1s","publisher":{"@id":"https:\/\/nodesystems.hu\/nodeconto\/#organization"},"potentialAction":[{"@type":"SearchAction","target":{"@type":"EntryPoint","urlTemplate":"https:\/\/nodesystems.hu\/nodeconto\/?s={search_term_string}"},"query-input":{"@type":"PropertyValueSpecification","valueRequired":true,"valueName":"search_term_string"}}],"inLanguage":"hu"},{"@type":"Organization","@id":"https:\/\/nodesystems.hu\/nodeconto\/#organization","name":"Node Systems Kft","url":"https:\/\/nodesystems.hu\/nodeconto\/","logo":{"@type":"ImageObject","inLanguage":"hu","@id":"https:\/\/nodesystems.hu\/nodeconto\/#\/schema\/logo\/image\/","url":"https:\/\/nodesystems.hu\/nodeconto\/wp-content\/uploads\/2013\/03\/cropped-nodeconto.png","contentUrl":"https:\/\/nodesystems.hu\/nodeconto\/wp-content\/uploads\/2013\/03\/cropped-nodeconto.png","width":800,"height":366,"caption":"Node Systems Kft"},"image":{"@id":"https:\/\/nodesystems.hu\/nodeconto\/#\/schema\/logo\/image\/"}}]}},"_links":{"self":[{"href":"https:\/\/nodesystems.hu\/nodeconto\/wp-json\/wp\/v2\/pages\/34","targetHints":{"allow":["GET"]}}],"collection":[{"href":"https:\/\/nodesystems.hu\/nodeconto\/wp-json\/wp\/v2\/pages"}],"about":[{"href":"https:\/\/nodesystems.hu\/nodeconto\/wp-json\/wp\/v2\/types\/page"}],"author":[{"embeddable":true,"href":"https:\/\/nodesystems.hu\/nodeconto\/wp-json\/wp\/v2\/users\/1"}],"replies":[{"embeddable":true,"href":"https:\/\/nodesystems.hu\/nodeconto\/wp-json\/wp\/v2\/comments?post=34"}],"version-history":[{"count":5,"href":"https:\/\/nodesystems.hu\/nodeconto\/wp-json\/wp\/v2\/pages\/34\/revisions"}],"predecessor-version":[{"id":271,"href":"https:\/\/nodesystems.hu\/nodeconto\/wp-json\/wp\/v2\/pages\/34\/revisions\/271"}],"wp:featuredmedia":[{"embeddable":true,"href":"https:\/\/nodesystems.hu\/nodeconto\/wp-json\/wp\/v2\/media\/37"}],"wp:attachment":[{"href":"https:\/\/nodesystems.hu\/nodeconto\/wp-json\/wp\/v2\/media?parent=34"}],"curies":[{"name":"wp","href":"https:\/\/api.w.org\/{rel}","templated":true}]}}